{"id":54,"date":"2020-04-28T15:46:55","date_gmt":"2020-04-28T15:46:55","guid":{"rendered":"http:\/\/aviseq.se\/?page_id=54"},"modified":"2022-07-07T08:16:42","modified_gmt":"2022-07-07T08:16:42","slug":"vara-tjanster","status":"publish","type":"page","link":"https:\/\/aviseq.se\/?page_id=54","title":{"rendered":"V\u00e5ra tj\u00e4nster"},"content":{"rendered":"\t\t<div data-elementor-type=\"wp-page\" data-elementor-id=\"54\" class=\"elementor elementor-54\" data-elementor-settings=\"[]\">\n\t\t\t\t\t\t<div class=\"elementor-inner\">\n\t\t\t\t\t\t\t<div class=\"elementor-section-wrap\">\n\t\t\t\t\t\t\t<section class=\"elementor-section elementor-top-section elementor-element elementor-element-7de14217 elementor-section-height-min-height elementor-section-content-middle elementor-section-boxed elementor-section-height-default elementor-section-items-middle\" data-id=\"7de14217\" data-element_type=\"section\" data-settings=\"{&quot;background_background&quot;:&quot;classic&quot;}\">\n\t\t\t\t\t\t<div class=\"elementor-container elementor-column-gap-default\">\n\t\t\t\t\t\t\t<div class=\"elementor-row\">\n\t\t\t\t\t<div class=\"elementor-column elementor-col-50 elementor-top-column elementor-element elementor-element-105af8b2\" data-id=\"105af8b2\" data-element_type=\"column\">\n\t\t\t<div class=\"elementor-column-wrap elementor-element-populated\">\n\t\t\t\t\t\t\t<div class=\"elementor-widget-wrap\">\n\t\t\t\t\t\t<div class=\"elementor-element elementor-element-76d18a1d elementor-widget elementor-widget-heading\" data-id=\"76d18a1d\" data-element_type=\"widget\" data-widget_type=\"heading.default\">\n\t\t\t\t<div class=\"elementor-widget-container\">\n\t\t\t<h1 class=\"elementor-heading-title elementor-size-xxl\">V\u00c5RA TJ\u00c4NSTER<\/h1>\t\t<\/div>\n\t\t\t\t<\/div>\n\t\t\t\t\t\t<\/div>\n\t\t\t\t\t<\/div>\n\t\t<\/div>\n\t\t\t\t<div class=\"elementor-column elementor-col-50 elementor-top-column elementor-element elementor-element-75968bce\" data-id=\"75968bce\" data-element_type=\"column\">\n\t\t\t<div class=\"elementor-column-wrap elementor-element-populated\">\n\t\t\t\t\t\t\t<div class=\"elementor-widget-wrap\">\n\t\t\t\t\t\t<div class=\"elementor-element elementor-element-42a8e145 elementor-widget elementor-widget-text-editor\" data-id=\"42a8e145\" data-element_type=\"widget\" data-widget_type=\"text-editor.default\">\n\t\t\t\t<div class=\"elementor-widget-container\">\n\t\t\t\t\t\t\t\t<div class=\"elementor-text-editor elementor-clearfix\">\n\t\t\t\t<p><strong>Vi g\u00e5r mot fler tj\u00e4nster i n\u00e4ten d\u00e4r inte bara samh\u00e4llstj\u00e4nster inom sjukv\u00e5rd, omsorg och trygghet \u00e4r beroende av n\u00e4tets drifts\u00e4kerhet, utan \u00e4ven tidskritiska tj\u00e4nster som streamade filmkanaler och TV-kanalernas playutbud. <\/strong><strong>V\u00e5ra drift- och underh\u00e5llstj\u00e4nster erbjuder ett komplett koncept f\u00f6r f\u00f6rvaltning, drift och underh\u00e5ll av infrastruktur oberoende av teknik \u2013 ett helhets\u00e5tagande i v\u00e4rldsklass!<\/strong><\/p>\t\t\t\t\t<\/div>\n\t\t\t\t\t\t<\/div>\n\t\t\t\t<\/div>\n\t\t\t\t\t\t<\/div>\n\t\t\t\t\t<\/div>\n\t\t<\/div>\n\t\t\t\t\t\t\t\t<\/div>\n\t\t\t\t\t<\/div>\n\t\t<\/section>\n\t\t\t\t<section class=\"elementor-section elementor-top-section elementor-element elementor-element-497bfa95 elementor-section-boxed elementor-section-height-default elementor-section-height-default\" data-id=\"497bfa95\" data-element_type=\"section\">\n\t\t\t\t\t\t<div class=\"elementor-container elementor-column-gap-default\">\n\t\t\t\t\t\t\t<div class=\"elementor-row\">\n\t\t\t\t\t<div class=\"elementor-column elementor-col-100 elementor-top-column elementor-element elementor-element-52f8456f\" data-id=\"52f8456f\" data-element_type=\"column\">\n\t\t\t<div class=\"elementor-column-wrap elementor-element-populated\">\n\t\t\t\t\t\t\t<div class=\"elementor-widget-wrap\">\n\t\t\t\t\t\t<div class=\"elementor-element elementor-element-f7a7d85 elementor-widget elementor-widget-spacer\" data-id=\"f7a7d85\" data-element_type=\"widget\" data-widget_type=\"spacer.default\">\n\t\t\t\t<div class=\"elementor-widget-container\">\n\t\t\t\t\t<div class=\"elementor-spacer\">\n\t\t\t<div class=\"elementor-spacer-inner\"><\/div>\n\t\t<\/div>\n\t\t\t\t<\/div>\n\t\t\t\t<\/div>\n\t\t\t\t\t\t<\/div>\n\t\t\t\t\t<\/div>\n\t\t<\/div>\n\t\t\t\t\t\t\t\t<\/div>\n\t\t\t\t\t<\/div>\n\t\t<\/section>\n\t\t\t\t<section class=\"elementor-section elementor-top-section elementor-element elementor-element-15299989 elementor-section-boxed elementor-section-height-default elementor-section-height-default\" data-id=\"15299989\" data-element_type=\"section\">\n\t\t\t\t\t\t<div class=\"elementor-container elementor-column-gap-default\">\n\t\t\t\t\t\t\t<div class=\"elementor-row\">\n\t\t\t\t\t<div class=\"elementor-column elementor-col-66 elementor-top-column elementor-element elementor-element-32893f9b\" data-id=\"32893f9b\" data-element_type=\"column\">\n\t\t\t<div class=\"elementor-column-wrap elementor-element-populated\">\n\t\t\t\t\t\t\t<div class=\"elementor-widget-wrap\">\n\t\t\t\t\t\t<div class=\"elementor-element elementor-element-1e59129c elementor-widget elementor-widget-heading\" data-id=\"1e59129c\" data-element_type=\"widget\" data-widget_type=\"heading.default\">\n\t\t\t\t<div class=\"elementor-widget-container\">\n\t\t\t<h2 class=\"elementor-heading-title elementor-size-default\">V\u00e5r driftcentral har alltid \u00f6ppet<\/h2>\t\t<\/div>\n\t\t\t\t<\/div>\n\t\t\t\t<div class=\"elementor-element elementor-element-41fa34ce elementor-widget elementor-widget-text-editor\" data-id=\"41fa34ce\" data-element_type=\"widget\" data-widget_type=\"text-editor.default\">\n\t\t\t\t<div class=\"elementor-widget-container\">\n\t\t\t\t\t\t\t\t<div class=\"elementor-text-editor elementor-clearfix\">\n\t\t\t\t<p><strong>Network Management Center<\/strong> (NMC) \u00e4r AVISEQs driftcentral. F\u00f6r att ge b\u00e4sta service har driftcentralen bemanning dygnet runt, \u00e5ret om. NMC har stor vana att hantera drift och \u00f6vervakning av kommunikationsn\u00e4t i varierande storlek, n\u00e4t med blandade teknologier och ofta med h\u00f6ga krav p\u00e5 s\u00e4kerhet. NMC etablerades 1987 och har sedan 1989 haft \u00f6ppet dygnet runt, \u00e5ret om.<\/p>\t\t\t\t\t<\/div>\n\t\t\t\t\t\t<\/div>\n\t\t\t\t<\/div>\n\t\t\t\t<div class=\"elementor-element elementor-element-188e6f65 elementor-widget elementor-widget-text-editor\" data-id=\"188e6f65\" data-element_type=\"widget\" data-widget_type=\"text-editor.default\">\n\t\t\t\t<div class=\"elementor-widget-container\">\n\t\t\t\t\t\t\t\t<div class=\"elementor-text-editor elementor-clearfix\">\n\t\t\t\t<p><strong>F\u00d6R MER INFORMATION KONTAKTA:<\/strong><\/p><p>Jan Nilsson\u00a0 \u00a0 \u00a0jan.nilsson@aviseq.se<\/p><p>Charlotta Nordel\u00f6f\u00a0 \u00a0 charlotta.nordelof@aviseq.se<\/p>\t\t\t\t\t<\/div>\n\t\t\t\t\t\t<\/div>\n\t\t\t\t<\/div>\n\t\t\t\t\t\t<\/div>\n\t\t\t\t\t<\/div>\n\t\t<\/div>\n\t\t\t\t<div class=\"elementor-column elementor-col-33 elementor-top-column elementor-element elementor-element-4c39e991\" data-id=\"4c39e991\" data-element_type=\"column\">\n\t\t\t<div class=\"elementor-column-wrap elementor-element-populated\">\n\t\t\t\t\t\t\t<div class=\"elementor-widget-wrap\">\n\t\t\t\t\t\t<div class=\"elementor-element elementor-element-060d36f elementor-skin-carousel elementor-arrows-yes elementor-pagination-type-bullets elementor-pagination-position-outside elementor-widget elementor-widget-media-carousel\" data-id=\"060d36f\" data-element_type=\"widget\" data-settings=\"{&quot;slides_per_view&quot;:&quot;1&quot;,&quot;skin&quot;:&quot;carousel&quot;,&quot;effect&quot;:&quot;slide&quot;,&quot;show_arrows&quot;:&quot;yes&quot;,&quot;pagination&quot;:&quot;bullets&quot;,&quot;speed&quot;:500,&quot;autoplay&quot;:&quot;yes&quot;,&quot;autoplay_speed&quot;:5000,&quot;loop&quot;:&quot;yes&quot;,&quot;pause_on_hover&quot;:&quot;yes&quot;,&quot;pause_on_interaction&quot;:&quot;yes&quot;,&quot;space_between&quot;:{&quot;unit&quot;:&quot;px&quot;,&quot;size&quot;:10,&quot;sizes&quot;:[]},&quot;space_between_tablet&quot;:{&quot;unit&quot;:&quot;px&quot;,&quot;size&quot;:10,&quot;sizes&quot;:[]},&quot;space_between_mobile&quot;:{&quot;unit&quot;:&quot;px&quot;,&quot;size&quot;:10,&quot;sizes&quot;:[]}}\" data-widget_type=\"media-carousel.default\">\n\t\t\t\t<div class=\"elementor-widget-container\">\n\t\t\t\t\t<div class=\"elementor-swiper\">\n\t\t\t<div class=\"elementor-main-swiper swiper-container\">\n\t\t\t\t<div class=\"swiper-wrapper\">\n\t\t\t\t\t\t\t\t\t\t\t<div class=\"swiper-slide\">\n\t\t\t\t\t\t\t\t\t<div class=\"elementor-carousel-image\" style=\"background-image: url(https:\/\/aviseq.se\/wp-content\/uploads\/2020\/05\/NMC-2.jpg)\">\n\t\t\t\t\t<\/div>\n\t\t\t\t\t\t\t\t<\/div>\n\t\t\t\t\t\t\t\t\t\t\t<div class=\"swiper-slide\">\n\t\t\t\t\t\t\t\t\t<div class=\"elementor-carousel-image\" style=\"background-image: url(https:\/\/aviseq.se\/wp-content\/uploads\/2020\/05\/NMC-1.jpg)\">\n\t\t\t\t\t<\/div>\n\t\t\t\t\t\t\t\t<\/div>\n\t\t\t\t\t\t\t\t\t<\/div>\n\t\t\t\t\t\t\t\t\t\t\t\t\t\t\t<div class=\"swiper-pagination\"><\/div>\n\t\t\t\t\t\t\t\t\t\t\t\t\t\t\t\t<div class=\"elementor-swiper-button elementor-swiper-button-prev\">\n\t\t\t\t\t\t\t<i aria-hidden=\"true\" class=\"eicon-chevron-left\"><\/i>\t\t\t\t\t\t\t<span class=\"elementor-screen-only\">F\u00f6reg\u00e5ende<\/span>\n\t\t\t\t\t\t<\/div>\n\t\t\t\t\t\t<div class=\"elementor-swiper-button elementor-swiper-button-next\">\n\t\t\t\t\t\t\t<i aria-hidden=\"true\" class=\"eicon-chevron-right\"><\/i>\t\t\t\t\t\t\t<span class=\"elementor-screen-only\">N\u00e4sta<\/span>\n\t\t\t\t\t\t<\/div>\n\t\t\t\t\t\t\t\t\t\t\t\t<\/div>\n\t\t<\/div>\n\t\t\t\t<\/div>\n\t\t\t\t<\/div>\n\t\t\t\t\t\t<\/div>\n\t\t\t\t\t<\/div>\n\t\t<\/div>\n\t\t\t\t\t\t\t\t<\/div>\n\t\t\t\t\t<\/div>\n\t\t<\/section>\n\t\t\t\t<section class=\"elementor-section elementor-top-section elementor-element elementor-element-80c55c8 elementor-section-boxed elementor-section-height-default elementor-section-height-default\" data-id=\"80c55c8\" data-element_type=\"section\">\n\t\t\t\t\t\t<div class=\"elementor-container elementor-column-gap-default\">\n\t\t\t\t\t\t\t<div class=\"elementor-row\">\n\t\t\t\t\t<div class=\"elementor-column elementor-col-100 elementor-top-column elementor-element elementor-element-2b2f37bf\" data-id=\"2b2f37bf\" data-element_type=\"column\">\n\t\t\t<div class=\"elementor-column-wrap elementor-element-populated\">\n\t\t\t\t\t\t\t<div class=\"elementor-widget-wrap\">\n\t\t\t\t\t\t<div class=\"elementor-element elementor-element-25f9c83 elementor-widget-divider--view-line elementor-widget elementor-widget-divider\" data-id=\"25f9c83\" data-element_type=\"widget\" data-widget_type=\"divider.default\">\n\t\t\t\t<div class=\"elementor-widget-container\">\n\t\t\t\t\t<div class=\"elementor-divider\">\n\t\t\t<span class=\"elementor-divider-separator\">\n\t\t\t\t\t\t<\/span>\n\t\t<\/div>\n\t\t\t\t<\/div>\n\t\t\t\t<\/div>\n\t\t\t\t\t\t<\/div>\n\t\t\t\t\t<\/div>\n\t\t<\/div>\n\t\t\t\t\t\t\t\t<\/div>\n\t\t\t\t\t<\/div>\n\t\t<\/section>\n\t\t\t\t<section class=\"elementor-section elementor-top-section elementor-element elementor-element-284f9583 elementor-section-boxed elementor-section-height-default elementor-section-height-default\" data-id=\"284f9583\" data-element_type=\"section\">\n\t\t\t\t\t\t<div class=\"elementor-container elementor-column-gap-default\">\n\t\t\t\t\t\t\t<div class=\"elementor-row\">\n\t\t\t\t\t<div class=\"elementor-column elementor-col-100 elementor-top-column elementor-element elementor-element-2a767078\" data-id=\"2a767078\" data-element_type=\"column\">\n\t\t\t<div class=\"elementor-column-wrap elementor-element-populated\">\n\t\t\t\t\t\t\t<div class=\"elementor-widget-wrap\">\n\t\t\t\t\t\t<div class=\"elementor-element elementor-element-4841b7e1 elementor-widget elementor-widget-heading\" data-id=\"4841b7e1\" data-element_type=\"widget\" data-widget_type=\"heading.default\">\n\t\t\t\t<div class=\"elementor-widget-container\">\n\t\t\t<h2 class=\"elementor-heading-title elementor-size-default\">Legacy over IP - LoIP<\/h2>\t\t<\/div>\n\t\t\t\t<\/div>\n\t\t\t\t<div class=\"elementor-element elementor-element-2d489f92 elementor-widget elementor-widget-text-editor\" data-id=\"2d489f92\" data-element_type=\"widget\" data-widget_type=\"text-editor.default\">\n\t\t\t\t<div class=\"elementor-widget-container\">\n\t\t\t\t\t\t\t\t<div class=\"elementor-text-editor elementor-clearfix\">\n\t\t\t\t<p><strong>N\u00e4tverken moderniseras i allt h\u00f6gre takt med IP-baserad teknik medan traditionell teknik, s\u00e5 kallad Legacy, g\u00e5r ur tiden. Vi ser att v\u00e5ra kunder f\u00e5r allt sv\u00e5rare att hitta bra kommunikationsl\u00f6sningar f\u00f6r sina vanligen verksamhetskritiska och l\u00e5ngsiktiga investeringar som helt eller delvis baseras p\u00e5 just Legacy-teknik.<\/strong><\/p><p>AVISEQ samarbetar med m\u00e5nga olika leverant\u00f6rer och erbjuder olika l\u00f6sningar f\u00f6r att du fortsatt skall kunna anv\u00e4nda Legacy-teknik men \u00f6ver IP-baserad kommunikation. Vi erbjuder ocks\u00e5 l\u00f6sningar inom Service Assurance som inneb\u00e4r att du f\u00e5r full kontroll p\u00e5 vilken kvalitet din Legacy-kommunikation har \u00f6ver de IP-baserade n\u00e4tverken.<\/p><p>N\u00e5gra av de fr\u00e5gor kring detta som vi kan hj\u00e4lpa dig att f\u00e5 svar p\u00e5 \u00e4r:<\/p><ul><li>Hur f\u00f6rl\u00e4nger jag enkelt en E1-f\u00f6rbindelse genom IP-n\u00e4tverk?<\/li><li>Hur transporteras jag mina legacyteknik \u00f6ver IP-n\u00e4tverk?<\/li><li>Hur kvalitetss\u00e4krar jag min Legacy kommunikation \u00f6ver ett IP-n\u00e4tverk?<\/li><\/ul>\t\t\t\t\t<\/div>\n\t\t\t\t\t\t<\/div>\n\t\t\t\t<\/div>\n\t\t\t\t<div class=\"elementor-element elementor-element-6cde838 elementor-widget elementor-widget-image\" data-id=\"6cde838\" data-element_type=\"widget\" data-widget_type=\"image.default\">\n\t\t\t\t<div class=\"elementor-widget-container\">\n\t\t\t\t\t\t\t\t<div class=\"elementor-image\">\n\t\t\t\t\t\t\t\t\t\t\t\t<img loading=\"lazy\" decoding=\"async\" width=\"716\" height=\"298\" src=\"https:\/\/aviseq.se\/wp-content\/uploads\/2020\/05\/Legacy-over-IP.jpg\" class=\"attachment-large size-large\" alt=\"\" srcset=\"https:\/\/aviseq.se\/wp-content\/uploads\/2020\/05\/Legacy-over-IP.jpg 716w, https:\/\/aviseq.se\/wp-content\/uploads\/2020\/05\/Legacy-over-IP-300x125.jpg 300w\" sizes=\"(max-width: 716px) 100vw, 716px\" \/>\t\t\t\t\t\t\t\t\t\t\t\t\t\t<\/div>\n\t\t\t\t\t\t<\/div>\n\t\t\t\t<\/div>\n\t\t\t\t<div class=\"elementor-element elementor-element-4ed35b23 elementor-widget elementor-widget-text-editor\" data-id=\"4ed35b23\" data-element_type=\"widget\" data-widget_type=\"text-editor.default\">\n\t\t\t\t<div class=\"elementor-widget-container\">\n\t\t\t\t\t\t\t\t<div class=\"elementor-text-editor elementor-clearfix\">\n\t\t\t\t<p><strong>F\u00d6R MER INFORMATION KONTAKTA:<\/strong><\/p><p>Jan Nilsson\u00a0 \u00a0 jan.nilsson@aviseq.se\u00a0 \u00a0<\/p><p>Per Westman\u00a0 \u00a0 \u00a0per.westman@aviseq.se<\/p>\t\t\t\t\t<\/div>\n\t\t\t\t\t\t<\/div>\n\t\t\t\t<\/div>\n\t\t\t\t\t\t<\/div>\n\t\t\t\t\t<\/div>\n\t\t<\/div>\n\t\t\t\t\t\t\t\t<\/div>\n\t\t\t\t\t<\/div>\n\t\t<\/section>\n\t\t\t\t\t\t<\/div>\n\t\t\t\t\t\t<\/div>\n\t\t\t\t\t<\/div>\n\t\t","protected":false},"excerpt":{"rendered":"<p>V\u00c5RA TJ\u00c4NSTER Vi g\u00e5r mot fler tj\u00e4nster i n\u00e4ten d\u00e4r inte bara samh\u00e4llstj\u00e4nster inom sjukv\u00e5rd, omsorg och trygghet \u00e4r beroende av n\u00e4tets drifts\u00e4kerhet, utan \u00e4ven tidskritiska tj\u00e4nster som streamade filmkanaler och TV-kanalernas playutbud. V\u00e5ra drift- och underh\u00e5llstj\u00e4nster erbjuder ett komplett koncept f\u00f6r f\u00f6rvaltning, drift och underh\u00e5ll av infrastruktur oberoende av teknik \u2013 ett helhets\u00e5tagande i [&hellip;]<\/p>\n","protected":false},"author":1,"featured_media":0,"parent":0,"menu_order":0,"comment_status":"closed","ping_status":"closed","template":"","meta":{"footnotes":""},"_links":{"self":[{"href":"https:\/\/aviseq.se\/index.php?rest_route=\/wp\/v2\/pages\/54"}],"collection":[{"href":"https:\/\/aviseq.se\/index.php?rest_route=\/wp\/v2\/pages"}],"about":[{"href":"https:\/\/aviseq.se\/index.php?rest_route=\/wp\/v2\/types\/page"}],"author":[{"embeddable":true,"href":"https:\/\/aviseq.se\/index.php?rest_route=\/wp\/v2\/users\/1"}],"replies":[{"embeddable":true,"href":"https:\/\/aviseq.se\/index.php?rest_route=%2Fwp%2Fv2%2Fcomments&post=54"}],"version-history":[{"count":18,"href":"https:\/\/aviseq.se\/index.php?rest_route=\/wp\/v2\/pages\/54\/revisions"}],"predecessor-version":[{"id":1153,"href":"https:\/\/aviseq.se\/index.php?rest_route=\/wp\/v2\/pages\/54\/revisions\/1153"}],"wp:attachment":[{"href":"https:\/\/aviseq.se\/index.php?rest_route=%2Fwp%2Fv2%2Fmedia&parent=54"}],"curies":[{"name":"wp","href":"https:\/\/api.w.org\/{rel}","templated":true}]}}